{"id":1471,"date":"2021-05-07T10:21:06","date_gmt":"2021-05-07T10:21:06","guid":{"rendered":"https:\/\/apesanteur-spa.fr\/contacte-con-nosotros-y-venga-a-conocernos"},"modified":"2024-08-15T07:32:45","modified_gmt":"2024-08-15T07:32:45","slug":"contacte-con-nosotros-y-venga-a-conocernos","status":"publish","type":"page","link":"https:\/\/apesanteur-spa.fr\/es\/contacte-con-nosotros-y-venga-a-conocernos","title":{"rendered":"Contacte con nosotros y venga a conocernos"},"content":{"rendered":"<div id='av_section_1'  class='avia-section av-kpgsmvmr-0e27987f2d3e7ebb7bf17ddf11c408bb main_color avia-section-no-padding avia-no-border-styling  avia-builder-el-0  el_before_av_tab_section  avia-builder-el-first  avia-bg-style-scroll  container_wrap fullsize'  ><div class='container av-section-cont-open' ><main  role=\"main\" itemprop=\"mainContentOfPage\"  class='template-page content  av-content-full alpha units'><div class='post-entry post-entry-type-page post-entry-1471'><div class='entry-content-wrapper clearfix'>\n\n<style type=\"text\/css\" data-created_by=\"avia_inline_auto\" id=\"style-css-av-1uep0a-68187f86fd553cf9bb7783100ac77f4c\">\n#top .hr.hr-invisible.av-1uep0a-68187f86fd553cf9bb7783100ac77f4c{\nheight:50px;\n}\n<\/style>\n<div  class='hr av-1uep0a-68187f86fd553cf9bb7783100ac77f4c hr-invisible  avia-builder-el-1  el_before_av_heading  avia-builder-el-first  '><span class='hr-inner '><span class=\"hr-inner-style\"><\/span><\/span><\/div>\n\n<style type=\"text\/css\" data-created_by=\"avia_inline_auto\" id=\"style-css-av-koebb9ha-de5b6cc789821f7472eb4136aa091e03\">\n#top .av-special-heading.av-koebb9ha-de5b6cc789821f7472eb4136aa091e03{\npadding-bottom:0px;\nfont-size:40px;\n}\n<\/style>\n<div  class='av-special-heading av-koebb9ha-de5b6cc789821f7472eb4136aa091e03 av-special-heading-h1 blockquote modern-quote modern-centered  avia-builder-el-2  el_after_av_hr  avia-builder-el-last  av-inherit-size '><h1 class='av-special-heading-tag '  itemprop=\"headline\"  >Contacto<\/h1><div class='special-heading-border'><div class='special-heading-inner-border'><\/div><\/div><\/div>\n\n<\/div><\/div><\/main><!-- close content main element --><\/div><\/div><div id='av-tab-section-1'  class='av-tab-section-container entry-content-wrapper main_color av-tab-no-transition   av-tab-above-content  avia-builder-el-3  el_after_av_section  avia-builder-el-last  submenu-not-first container_wrap fullsize'  ><div class='av-tab-section-outer-container'><div class='av-tab-section-tab-title-container avia-tab-title-padding-large av-custom-tab-color' style='background-color:#ffffff; color:#15234d; ' role='tablist'><a href='#particulares' data-av-tab-section-title='1' class='av-section-tab-title av-active-tab-title no-scroll av-tab-with-icon av-tab-no-image  ' role='tab' tabindex='0' aria-controls='av-tab-section-1-1'><span class='av-tab-section-icon' aria-hidden='true' data-av_icon='\ue80a' data-av_iconfont='entypo-fontello'><\/span><span class='av-outer-tab-title'><span class='av-inner-tab-title'>Particulares<\/span><\/span><span class='av-tab-arrow-container'><span><\/span><\/span><\/a><a href='#profesionales' data-av-tab-section-title='2' class='av-section-tab-title  av-tab-with-icon av-tab-no-image  ' role='tab' tabindex='0' aria-controls='av-tab-section-1-2'><span class='av-tab-section-icon' aria-hidden='true' data-av_icon='\ue840' data-av_iconfont='entypo-fontello'><\/span><span class='av-outer-tab-title'><span class='av-inner-tab-title'>Profesionales<\/span><\/span><span class='av-tab-arrow-container'><span><\/span><\/span><\/a><\/div><div class='avia-slideshow-arrows av-tabsection-arrow' ><a href='#prev' class='prev-slide av_prev_tab_section av-tab-section-slide' aria-hidden='true' data-av_icon='\ue87c' data-av_iconfont='entypo-fontello'  tabindex='-1'>Anterior<\/a><a href='#next' class='next-slide av_next_tab_section av-tab-section-slide' aria-hidden='true' data-av_icon='\ue87d' data-av_iconfont='entypo-fontello'  tabindex='-1'>Posterior<\/a><\/div><div class='av-tab-section-inner-container avia-section-large' style='width:200vw; left:0%;'><span class='av_prev_tab_section av_tab_navigation'><\/span><span class='av_next_tab_section av_tab_navigation'><\/span>\n<div id=\"av-tab-section-1-1\" data-av-tab-section-content=\"1\" class=\"av-layout-tab av-animation-delay-container av-active-tab-content __av_init_open  avia-builder-el-4  el_before_av_tab_sub_section  avia-builder-el-first   avia-full-stretch \" style='background-image:url(https:\/\/apesanteur-spa.fr\/wp-content\/uploads\/2021\/06\/space-apesanteur_blue-filter.jpg); background-position:top left; background-repeat:no-repeat; background-attachment:scroll; vertical-align:top; background-color:#121f45; ' data-av-tab-color='#15234d' data-av-tab-bg-color='#121f45'  data-tab-section-id=\"particulares\"><div class='av-layout-tab-inner'><div class='container'><p><div class='flex_column_table av-5tot4y-1370c6f016bcacd9aa290087b81531c4 sc-av_two_third av-equal-height-column-flextable'>\n<style type=\"text\/css\" data-created_by=\"avia_inline_auto\" id=\"style-css-av-5tot4y-1370c6f016bcacd9aa290087b81531c4\">\n.flex_column.av-5tot4y-1370c6f016bcacd9aa290087b81531c4{\nborder-radius:0px 0px 0px 0px;\n-webkit-border-radius:0px 0px 0px 0px;\n-moz-border-radius:0px 0px 0px 0px;\n}\n<\/style>\n<div class='flex_column av-5tot4y-1370c6f016bcacd9aa290087b81531c4 av_two_third  avia-builder-el-5  el_before_av_one_third  avia-builder-el-first  first flex_column_table_cell av-equal-height-column av-align-top  av-animated-generic fade-in av-zero-column-padding '   ><\/div><div class='av-flex-placeholder'><\/div>\n<style type=\"text\/css\" data-created_by=\"avia_inline_auto\" id=\"style-css-av-4m3xyy-73ac177ac2833badfc7bdf71e4b56c3b\">\n.flex_column.av-4m3xyy-73ac177ac2833badfc7bdf71e4b56c3b{\nborder-radius:0px 0px 0px 0px;\n-webkit-border-radius:0px 0px 0px 0px;\n-moz-border-radius:0px 0px 0px 0px;\n}\n<\/style>\n<div class='flex_column av-4m3xyy-73ac177ac2833badfc7bdf71e4b56c3b av_one_third  avia-builder-el-7  el_after_av_two_third  avia-builder-el-last  flex_column_table_cell av-equal-height-column av-align-top  av-animated-generic fade-in av-zero-column-padding '   ><p>\n<style type=\"text\/css\" data-created_by=\"avia_inline_auto\" id=\"style-css-av-4ghsyq-da71dcdaa3e000bde2c3c278cde4cd6a\">\n#top .av-special-heading.av-4ghsyq-da71dcdaa3e000bde2c3c278cde4cd6a{\npadding-bottom:0px;\ncolor:#c0973e;\n}\n.av-special-heading.av-4ghsyq-da71dcdaa3e000bde2c3c278cde4cd6a .special-heading-inner-border{\nborder-color:#c0973e;\n}\n<\/style>\n<div  class='av-special-heading av-4ghsyq-da71dcdaa3e000bde2c3c278cde4cd6a av-special-heading-h2 custom-color-heading blockquote modern-quote  avia-builder-el-8  el_before_av_hr  avia-builder-el-first  '><h2 class='av-special-heading-tag '  itemprop=\"headline\"  >Un equipo a su servicio<\/h2><div class='special-heading-border'><div class='special-heading-inner-border'><\/div><\/div><\/div><br \/>\n\n<style type=\"text\/css\" data-created_by=\"avia_inline_auto\" id=\"style-css-av-45ocwi-3f0180471f5a5d2db1aef93a82fd8832\">\n#top .hr.hr-invisible.av-45ocwi-3f0180471f5a5d2db1aef93a82fd8832{\nheight:20px;\n}\n<\/style>\n<div  class='hr av-45ocwi-3f0180471f5a5d2db1aef93a82fd8832 hr-invisible  avia-builder-el-9  el_after_av_heading  el_before_av_textblock  '><span class='hr-inner '><span class=\"hr-inner-style\"><\/span><\/span><\/div><br \/>\n<section class=\"av_textblock_section \"  itemscope=\"itemscope\" itemtype=\"https:\/\/schema.org\/CreativeWork\" ><div class='avia_textblock  av_inherit_color '  style='color:#ffffff; '  itemprop=\"text\" ><h3 class=\"widgettitle\">ESPACES SPAS<\/h3>\n<div class=\"textwidget\">\n<p>1 Bis rue de Ratacas,<br \/>\n11100 Narbonne, France<\/p>\n<\/div>\n<\/div><\/section><br \/>\n\n<style type=\"text\/css\" data-created_by=\"avia_inline_auto\" id=\"style-css-av-krjiznpl-311356d3dd7dbc7e838155f9d16a5186\">\n#top .avia-icon-list-container.av-krjiznpl-311356d3dd7dbc7e838155f9d16a5186 .iconlist_icon{\ncolor:#c0973e;\nbackground-color:#15234d;\n}\n#top #wrap_all .avia-icon-list-container.av-krjiznpl-311356d3dd7dbc7e838155f9d16a5186 .av_iconlist_title{\ncolor:#c0973e;\nfont-size:24px;\n}\n.avia-icon-list-container.av-krjiznpl-311356d3dd7dbc7e838155f9d16a5186 .iconlist_content{\ncolor:#ffffff;\n}\n<\/style>\n<div  class='avia-icon-list-container av-krjiznpl-311356d3dd7dbc7e838155f9d16a5186  avia-builder-el-11  el_after_av_textblock  el_before_av_image  '><ul class='avia-icon-list avia_animate_when_almost_visible avia-icon-list-left av-iconlist-big av-krjiznpl-311356d3dd7dbc7e838155f9d16a5186 avia-iconlist-animate'>\n<li><div class='iconlist_icon av-krjizl4z-b1fe26b107257c0f7238527c08fabe53 avia-font-entypo-fontello'><span class='iconlist-char ' aria-hidden='true' data-av_icon='\ue862' data-av_iconfont='entypo-fontello'><\/span><\/div><article class=\"article-icon-entry \"  itemscope=\"itemscope\" itemtype=\"https:\/\/schema.org\/CreativeWork\" ><div class='iconlist_content_wrap'><header class=\"entry-content-header\"><h4 class='av_iconlist_title iconlist_title  av_inherit_color '  itemprop=\"headline\" >Horario<\/h4><\/header><div class='iconlist_content av_inherit_color '  itemprop=\"text\" ><p>De lunes a s\u00e1bado<br \/>\nDe 9.00 a 19.00 horas<\/p>\n<\/div><\/div><footer class=\"entry-footer\"><\/footer><\/article><div class='iconlist-timeline'><\/div><\/li>\n<li><div class='iconlist_icon av-krjj107z-841b291789ae82f3f251d29660b572d4 avia-font-entypo-fontello'><span class='iconlist-char ' aria-hidden='true' data-av_icon='\ue854' data-av_iconfont='entypo-fontello'><\/span><\/div><article class=\"article-icon-entry av-iconlist-empty\"  itemscope=\"itemscope\" itemtype=\"https:\/\/schema.org\/CreativeWork\" ><div class='iconlist_content_wrap'><header class=\"entry-content-header\"><h4 class='av_iconlist_title iconlist_title  av_inherit_color '  itemprop=\"headline\" ><a href='tel:0783432821' title='+339 51 63 22 98'>+339 51 63 22 98<\/a><\/h4><\/header><div class='iconlist_content av_inherit_color '  itemprop=\"text\" ><\/div><\/div><footer class=\"entry-footer\"><\/footer><\/article><div class='iconlist-timeline'><\/div><\/li>\n<\/ul><\/div><br \/>\n\n<style type=\"text\/css\" data-created_by=\"avia_inline_auto\" id=\"style-css-av-3d9jwy-43e1545d43247a61a0207a86f0cb43be\">\n.avia-image-container.av-3d9jwy-43e1545d43247a61a0207a86f0cb43be .av-image-caption-overlay-center{\ncolor:#ffffff;\n}\n<\/style>\n<div  class='avia-image-container av-3d9jwy-43e1545d43247a61a0207a86f0cb43be av-styling- avia_animated_image avia_animate_when_almost_visible bottom-to-top avia-align-right  avia-builder-el-12  el_after_av_iconlist  avia-builder-el-last  '  itemprop=\"image\" itemscope=\"itemscope\" itemtype=\"https:\/\/schema.org\/ImageObject\" ><div class=\"avia-image-container-inner\"><div class=\"avia-image-overlay-wrap\"><img decoding=\"async\" class='wp-image-1282 avia-img-lazy-loading-not-1282 avia_image' src=\"https:\/\/apesanteur-spa.fr\/wp-content\/uploads\/2021\/06\/175x150_logo-SPA-Apesanteur_V2-3.png\" alt='' title=''  height=\"150\" width=\"175\"  itemprop=\"thumbnailUrl\"  \/><\/div><\/div><\/div><\/p><\/div><\/div><!--close column table wrapper. Autoclose: 1 --><\/p>\n<\/div><\/div><\/div><div id=\"av-tab-section-1-2\" data-av-tab-section-content=\"2\" class=\"av-layout-tab av-animation-delay-container   avia-builder-el-13  el_after_av_tab_sub_section  avia-builder-el-last   avia-full-stretch \" style='background-image:url(https:\/\/apesanteur-spa.fr\/wp-content\/uploads\/2021\/06\/space-apesanteur_blue-filter.jpg); background-position:top left; background-repeat:no-repeat; background-attachment:scroll; vertical-align:top; background-color:#121f45; ' data-av-tab-color='#15234d' data-av-tab-bg-color='#121f45'  data-tab-section-id=\"profesionales\"><div class='av-layout-tab-inner'><div class='container'><p><div class='flex_column_table av-33d1t6-73fa91946a10c06971aabfe6acf64f90 sc-av_one_third av-equal-height-column-flextable'>\n<style type=\"text\/css\" data-created_by=\"avia_inline_auto\" id=\"style-css-av-33d1t6-73fa91946a10c06971aabfe6acf64f90\">\n.flex_column.av-33d1t6-73fa91946a10c06971aabfe6acf64f90{\nborder-radius:0px 0px 0px 0px;\n-webkit-border-radius:0px 0px 0px 0px;\n-moz-border-radius:0px 0px 0px 0px;\n}\n<\/style>\n<div class='flex_column av-33d1t6-73fa91946a10c06971aabfe6acf64f90 av_one_third  avia-builder-el-14  el_before_av_two_third  avia-builder-el-first  first flex_column_table_cell av-equal-height-column av-align-top  av-animated-generic fade-in av-zero-column-padding '   ><p>\n<style type=\"text\/css\" data-created_by=\"avia_inline_auto\" id=\"style-css-av-2xdr1e-6f239276d4f0de58d818cdcfa125ec6f\">\n#top .av-special-heading.av-2xdr1e-6f239276d4f0de58d818cdcfa125ec6f{\npadding-bottom:0px;\ncolor:#c0973e;\nfont-size:40px;\n}\n.av-special-heading.av-2xdr1e-6f239276d4f0de58d818cdcfa125ec6f .special-heading-inner-border{\nborder-color:#c0973e;\n}\n.av-special-heading.av-2xdr1e-6f239276d4f0de58d818cdcfa125ec6f .av-subheading{\nfont-size:15px;\n}\n<\/style>\n<div  class='av-special-heading av-2xdr1e-6f239276d4f0de58d818cdcfa125ec6f av-special-heading-h4 custom-color-heading blockquote modern-quote modern-centered  avia-builder-el-15  el_before_av_textblock  avia-builder-el-first  av-inherit-size '><div class='av_custom_color av-subheading av-subheading_above '><p>\u00bfEs usted profesional?<\/p>\n<\/div><h4 class='av-special-heading-tag '  itemprop=\"headline\"  >Convi\u00e9rtase en distribuidor<\/h4><div class='special-heading-border'><div class='special-heading-inner-border'><\/div><\/div><\/div><br \/>\n<section class=\"av_textblock_section \"  itemscope=\"itemscope\" itemtype=\"https:\/\/schema.org\/CreativeWork\" ><div class='avia_textblock  av_inherit_color '  style='color:#ffffff; '  itemprop=\"text\" ><p style=\"text-align: left;\">Si desea formar parte de nuestra red de socios, p\u00f3ngase en contacto con nosotros, especificando en la medida de lo posible su solicitud con toda la informaci\u00f3n que considere \u00fatil para que podamos evaluar mejor su propuesta de asociaci\u00f3n.<\/p>\n<\/div><\/section><br \/>\n\n<style type=\"text\/css\" data-created_by=\"avia_inline_auto\" id=\"style-css-av-93juy-4b23dc990a0a838a5c74cd548f42afc4\">\n#top .hr.hr-invisible.av-93juy-4b23dc990a0a838a5c74cd548f42afc4{\nheight:20px;\n}\n<\/style>\n<div  class='hr av-93juy-4b23dc990a0a838a5c74cd548f42afc4 hr-invisible  avia-builder-el-17  el_after_av_textblock  el_before_av_textblock  '><span class='hr-inner '><span class=\"hr-inner-style\"><\/span><\/span><\/div><br \/>\n<section class=\"av_textblock_section \"  itemscope=\"itemscope\" itemtype=\"https:\/\/schema.org\/CreativeWork\" ><div class='avia_textblock  av_inherit_color '  style='color:#ffffff; '  itemprop=\"text\" ><h3 class=\"widgettitle\">ESPACES SPAS<\/h3>\n<div class=\"textwidget\">\n<p>1 Bis rue de Ratacas,<br \/>\n11100 Narbonne, Francee<\/p>\n<\/div>\n<\/div><\/section><br \/>\n\n<style type=\"text\/css\" data-created_by=\"avia_inline_auto\" id=\"style-css-av-krjj3oi0-22275a648741de73a8c36145d7ab496e\">\n#top .avia-icon-list-container.av-krjj3oi0-22275a648741de73a8c36145d7ab496e .iconlist_icon{\ncolor:#c0973e;\nbackground-color:#15234d;\n}\n#top #wrap_all .avia-icon-list-container.av-krjj3oi0-22275a648741de73a8c36145d7ab496e .av_iconlist_title{\ncolor:#c0973e;\nfont-size:24px;\n}\n.avia-icon-list-container.av-krjj3oi0-22275a648741de73a8c36145d7ab496e .iconlist_content{\ncolor:#ffffff;\n}\n<\/style>\n<div  class='avia-icon-list-container av-krjj3oi0-22275a648741de73a8c36145d7ab496e  avia-builder-el-19  el_after_av_textblock  el_before_av_image  '><ul class='avia-icon-list avia_animate_when_almost_visible avia-icon-list-left av-iconlist-big av-krjj3oi0-22275a648741de73a8c36145d7ab496e avia-iconlist-animate'>\n<li><div class='iconlist_icon av-6njne-85809d9ddab9041723710beee734b3ae avia-font-entypo-fontello'><span class='iconlist-char ' aria-hidden='true' data-av_icon='\ue862' data-av_iconfont='entypo-fontello'><\/span><\/div><article class=\"article-icon-entry \"  itemscope=\"itemscope\" itemtype=\"https:\/\/schema.org\/CreativeWork\" ><div class='iconlist_content_wrap'><header class=\"entry-content-header\"><h4 class='av_iconlist_title iconlist_title  av_inherit_color '  itemprop=\"headline\" >Horario<\/h4><\/header><div class='iconlist_content av_inherit_color '  itemprop=\"text\" ><p>De lunes a s\u00e1bado<br \/>\nDe 9.00 \u00e0 19.00 horas<\/p>\n<\/div><\/div><footer class=\"entry-footer\"><\/footer><\/article><div class='iconlist-timeline'><\/div><\/li>\n<li><div class='iconlist_icon av-krjj6hph-09a1e461afffb03fdb06d9dd17f4be5f avia-font-entypo-fontello'><span class='iconlist-char ' aria-hidden='true' data-av_icon='\ue854' data-av_iconfont='entypo-fontello'><\/span><\/div><article class=\"article-icon-entry av-iconlist-empty\"  itemscope=\"itemscope\" itemtype=\"https:\/\/schema.org\/CreativeWork\" ><div class='iconlist_content_wrap'><header class=\"entry-content-header\"><h4 class='av_iconlist_title iconlist_title  av_inherit_color '  itemprop=\"headline\" ><a href='tel:+33951632298' title='+339 51 63 22 98'>+339 51 63 22 98<\/a><\/h4><\/header><div class='iconlist_content av_inherit_color '  itemprop=\"text\" ><\/div><\/div><footer class=\"entry-footer\"><\/footer><\/article><div class='iconlist-timeline'><\/div><\/li>\n<\/ul><\/div><br \/>\n\n<style type=\"text\/css\" data-created_by=\"avia_inline_auto\" id=\"style-css-av-krjj4c6x-c5ec9e301937bed58d4d3f47383a55a3\">\n.avia-image-container.av-krjj4c6x-c5ec9e301937bed58d4d3f47383a55a3 .av-image-caption-overlay-center{\ncolor:#ffffff;\n}\n<\/style>\n<div  class='avia-image-container av-krjj4c6x-c5ec9e301937bed58d4d3f47383a55a3 av-styling- avia-align-right  avia-builder-el-20  el_after_av_iconlist  avia-builder-el-last  '  itemprop=\"image\" itemscope=\"itemscope\" itemtype=\"https:\/\/schema.org\/ImageObject\" ><div class=\"avia-image-container-inner\"><div class=\"avia-image-overlay-wrap\"><img decoding=\"async\" class='wp-image-1282 avia-img-lazy-loading-not-1282 avia_image' src=\"https:\/\/apesanteur-spa.fr\/wp-content\/uploads\/2021\/06\/175x150_logo-SPA-Apesanteur_V2-3.png\" alt='' title=''  height=\"150\" width=\"175\"  itemprop=\"thumbnailUrl\"  \/><\/div><\/div><\/div><\/p><\/div><div class='av-flex-placeholder'><\/div>\n<style type=\"text\/css\" data-created_by=\"avia_inline_auto\" id=\"style-css-av-1s3nt6-86a870bfbd3f5cbc864ad2351dbcd902\">\n.flex_column.av-1s3nt6-86a870bfbd3f5cbc864ad2351dbcd902{\nborder-radius:0px 0px 0px 0px;\n-webkit-border-radius:0px 0px 0px 0px;\n-moz-border-radius:0px 0px 0px 0px;\n}\n<\/style>\n<div class='flex_column av-1s3nt6-86a870bfbd3f5cbc864ad2351dbcd902 av_two_third  avia-builder-el-21  el_after_av_one_third  avia-builder-el-last  flex_column_table_cell av-equal-height-column av-align-top  av-animated-generic fade-in av-zero-column-padding '   ><\/div><\/div><!--close column table wrapper. Autoclose: 1 --><\/p>\n<\/div><\/div><\/div><\/div><\/div><\/div>\n","protected":false},"excerpt":{"rendered":"","protected":false},"author":3,"featured_media":0,"parent":0,"menu_order":0,"comment_status":"closed","ping_status":"closed","template":"","meta":{"footnotes":""},"class_list":["post-1471","page","type-page","status-publish","hentry"],"yoast_head":"<!-- This site is optimized with the Yoast SEO plugin v27.5 - https:\/\/yoast.com\/product\/yoast-seo-wordpress\/ -->\n<title>Apesanteur SPA &#8226; Contacte con nosotros y venga a conocernos<\/title>\n<meta name=\"robots\" content=\"index, follow, max-snippet:-1, max-image-preview:large, max-video-preview:-1\" \/>\n<link rel=\"canonical\" href=\"https:\/\/apesanteur-spa.fr\/es\/contacte-con-nosotros-y-venga-a-conocernos\" \/>\n<meta property=\"og:locale\" content=\"es_ES\" \/>\n<meta property=\"og:type\" content=\"article\" \/>\n<meta property=\"og:title\" content=\"Apesanteur SPA &#8226; Contacte con nosotros y venga a conocernos\" \/>\n<meta property=\"og:url\" content=\"https:\/\/apesanteur-spa.fr\/es\/contacte-con-nosotros-y-venga-a-conocernos\" \/>\n<meta property=\"og:site_name\" content=\"Apesanteur SPA\" \/>\n<meta property=\"article:modified_time\" content=\"2024-08-15T07:32:45+00:00\" \/>\n<meta property=\"og:image\" content=\"https:\/\/apesanteur-spa.fr\/wp-content\/uploads\/2023\/08\/TRANSPARENT_ApesanteurSpa_final_logo-02.png\" \/>\n\t<meta property=\"og:image:width\" content=\"2506\" \/>\n\t<meta property=\"og:image:height\" content=\"1112\" \/>\n\t<meta property=\"og:image:type\" content=\"image\/png\" \/>\n<meta name=\"twitter:card\" content=\"summary_large_image\" \/>\n<meta name=\"twitter:label1\" content=\"Tiempo de lectura\" \/>\n\t<meta name=\"twitter:data1\" content=\"5 minutos\" \/>\n<script type=\"application\/ld+json\" class=\"yoast-schema-graph\">{\"@context\":\"https:\\\/\\\/schema.org\",\"@graph\":[{\"@type\":\"WebPage\",\"@id\":\"https:\\\/\\\/apesanteur-spa.fr\\\/es\\\/contacte-con-nosotros-y-venga-a-conocernos\",\"url\":\"https:\\\/\\\/apesanteur-spa.fr\\\/es\\\/contacte-con-nosotros-y-venga-a-conocernos\",\"name\":\"Apesanteur SPA &#8226; Contacte con nosotros y venga a conocernos\",\"isPartOf\":{\"@id\":\"https:\\\/\\\/apesanteur-spa.fr\\\/es#website\"},\"datePublished\":\"2021-05-07T10:21:06+00:00\",\"dateModified\":\"2024-08-15T07:32:45+00:00\",\"breadcrumb\":{\"@id\":\"https:\\\/\\\/apesanteur-spa.fr\\\/es\\\/contacte-con-nosotros-y-venga-a-conocernos#breadcrumb\"},\"inLanguage\":\"es\",\"potentialAction\":[{\"@type\":\"ReadAction\",\"target\":[\"https:\\\/\\\/apesanteur-spa.fr\\\/es\\\/contacte-con-nosotros-y-venga-a-conocernos\"]}]},{\"@type\":\"BreadcrumbList\",\"@id\":\"https:\\\/\\\/apesanteur-spa.fr\\\/es\\\/contacte-con-nosotros-y-venga-a-conocernos#breadcrumb\",\"itemListElement\":[{\"@type\":\"ListItem\",\"position\":1,\"name\":\"Accueil\",\"item\":\"https:\\\/\\\/apesanteur-spa.fr\\\/es\\\/un-autentico-tratamiento-spa-en-casa\"},{\"@type\":\"ListItem\",\"position\":2,\"name\":\"Contacte con nosotros y venga a conocernos\"}]},{\"@type\":\"WebSite\",\"@id\":\"https:\\\/\\\/apesanteur-spa.fr\\\/es#website\",\"url\":\"https:\\\/\\\/apesanteur-spa.fr\\\/es\",\"name\":\"Apesanteur SPA\",\"description\":\"Un v\u00e9ritable soin SPA chez vous !\",\"publisher\":{\"@id\":\"https:\\\/\\\/apesanteur-spa.fr\\\/es#organization\"},\"potentialAction\":[{\"@type\":\"SearchAction\",\"target\":{\"@type\":\"EntryPoint\",\"urlTemplate\":\"https:\\\/\\\/apesanteur-spa.fr\\\/es?s={search_term_string}\"},\"query-input\":{\"@type\":\"PropertyValueSpecification\",\"valueRequired\":true,\"valueName\":\"search_term_string\"}}],\"inLanguage\":\"es\"},{\"@type\":\"Organization\",\"@id\":\"https:\\\/\\\/apesanteur-spa.fr\\\/es#organization\",\"name\":\"Apesanteur SPA\",\"url\":\"https:\\\/\\\/apesanteur-spa.fr\\\/es\",\"logo\":{\"@type\":\"ImageObject\",\"inLanguage\":\"es\",\"@id\":\"https:\\\/\\\/apesanteur-spa.fr\\\/es#\\\/schema\\\/logo\\\/image\\\/\",\"url\":\"https:\\\/\\\/apesanteur-spa.fr\\\/wp-content\\\/uploads\\\/2023\\\/08\\\/TRANSPARENT_ApesanteurSpa_final_logo-02.png\",\"contentUrl\":\"https:\\\/\\\/apesanteur-spa.fr\\\/wp-content\\\/uploads\\\/2023\\\/08\\\/TRANSPARENT_ApesanteurSpa_final_logo-02.png\",\"width\":2506,\"height\":1112,\"caption\":\"Apesanteur SPA\"},\"image\":{\"@id\":\"https:\\\/\\\/apesanteur-spa.fr\\\/es#\\\/schema\\\/logo\\\/image\\\/\"}}]}<\/script>\n<!-- \/ Yoast SEO plugin. -->","yoast_head_json":{"title":"Apesanteur SPA &#8226; Contacte con nosotros y venga a conocernos","robots":{"index":"index","follow":"follow","max-snippet":"max-snippet:-1","max-image-preview":"max-image-preview:large","max-video-preview":"max-video-preview:-1"},"canonical":"https:\/\/apesanteur-spa.fr\/es\/contacte-con-nosotros-y-venga-a-conocernos","og_locale":"es_ES","og_type":"article","og_title":"Apesanteur SPA &#8226; Contacte con nosotros y venga a conocernos","og_url":"https:\/\/apesanteur-spa.fr\/es\/contacte-con-nosotros-y-venga-a-conocernos","og_site_name":"Apesanteur SPA","article_modified_time":"2024-08-15T07:32:45+00:00","og_image":[{"width":2506,"height":1112,"url":"https:\/\/apesanteur-spa.fr\/wp-content\/uploads\/2023\/08\/TRANSPARENT_ApesanteurSpa_final_logo-02.png","type":"image\/png"}],"twitter_card":"summary_large_image","twitter_misc":{"Tiempo de lectura":"5 minutos"},"schema":{"@context":"https:\/\/schema.org","@graph":[{"@type":"WebPage","@id":"https:\/\/apesanteur-spa.fr\/es\/contacte-con-nosotros-y-venga-a-conocernos","url":"https:\/\/apesanteur-spa.fr\/es\/contacte-con-nosotros-y-venga-a-conocernos","name":"Apesanteur SPA &#8226; Contacte con nosotros y venga a conocernos","isPartOf":{"@id":"https:\/\/apesanteur-spa.fr\/es#website"},"datePublished":"2021-05-07T10:21:06+00:00","dateModified":"2024-08-15T07:32:45+00:00","breadcrumb":{"@id":"https:\/\/apesanteur-spa.fr\/es\/contacte-con-nosotros-y-venga-a-conocernos#breadcrumb"},"inLanguage":"es","potentialAction":[{"@type":"ReadAction","target":["https:\/\/apesanteur-spa.fr\/es\/contacte-con-nosotros-y-venga-a-conocernos"]}]},{"@type":"BreadcrumbList","@id":"https:\/\/apesanteur-spa.fr\/es\/contacte-con-nosotros-y-venga-a-conocernos#breadcrumb","itemListElement":[{"@type":"ListItem","position":1,"name":"Accueil","item":"https:\/\/apesanteur-spa.fr\/es\/un-autentico-tratamiento-spa-en-casa"},{"@type":"ListItem","position":2,"name":"Contacte con nosotros y venga a conocernos"}]},{"@type":"WebSite","@id":"https:\/\/apesanteur-spa.fr\/es#website","url":"https:\/\/apesanteur-spa.fr\/es","name":"Apesanteur SPA","description":"Un v\u00e9ritable soin SPA chez vous !","publisher":{"@id":"https:\/\/apesanteur-spa.fr\/es#organization"},"potentialAction":[{"@type":"SearchAction","target":{"@type":"EntryPoint","urlTemplate":"https:\/\/apesanteur-spa.fr\/es?s={search_term_string}"},"query-input":{"@type":"PropertyValueSpecification","valueRequired":true,"valueName":"search_term_string"}}],"inLanguage":"es"},{"@type":"Organization","@id":"https:\/\/apesanteur-spa.fr\/es#organization","name":"Apesanteur SPA","url":"https:\/\/apesanteur-spa.fr\/es","logo":{"@type":"ImageObject","inLanguage":"es","@id":"https:\/\/apesanteur-spa.fr\/es#\/schema\/logo\/image\/","url":"https:\/\/apesanteur-spa.fr\/wp-content\/uploads\/2023\/08\/TRANSPARENT_ApesanteurSpa_final_logo-02.png","contentUrl":"https:\/\/apesanteur-spa.fr\/wp-content\/uploads\/2023\/08\/TRANSPARENT_ApesanteurSpa_final_logo-02.png","width":2506,"height":1112,"caption":"Apesanteur SPA"},"image":{"@id":"https:\/\/apesanteur-spa.fr\/es#\/schema\/logo\/image\/"}}]}},"_links":{"self":[{"href":"https:\/\/apesanteur-spa.fr\/es\/wp-json\/wp\/v2\/pages\/1471","targetHints":{"allow":["GET"]}}],"collection":[{"href":"https:\/\/apesanteur-spa.fr\/es\/wp-json\/wp\/v2\/pages"}],"about":[{"href":"https:\/\/apesanteur-spa.fr\/es\/wp-json\/wp\/v2\/types\/page"}],"author":[{"embeddable":true,"href":"https:\/\/apesanteur-spa.fr\/es\/wp-json\/wp\/v2\/users\/3"}],"replies":[{"embeddable":true,"href":"https:\/\/apesanteur-spa.fr\/es\/wp-json\/wp\/v2\/comments?post=1471"}],"version-history":[{"count":18,"href":"https:\/\/apesanteur-spa.fr\/es\/wp-json\/wp\/v2\/pages\/1471\/revisions"}],"predecessor-version":[{"id":1782,"href":"https:\/\/apesanteur-spa.fr\/es\/wp-json\/wp\/v2\/pages\/1471\/revisions\/1782"}],"wp:attachment":[{"href":"https:\/\/apesanteur-spa.fr\/es\/wp-json\/wp\/v2\/media?parent=1471"}],"curies":[{"name":"wp","href":"https:\/\/api.w.org\/{rel}","templated":true}]}}