{"id":1671,"date":"2022-10-06T09:58:36","date_gmt":"2022-10-06T09:58:36","guid":{"rendered":"https:\/\/apesanteur-spa.fr\/informacion-juridica"},"modified":"2024-08-15T07:41:02","modified_gmt":"2024-08-15T07:41:02","slug":"informacion-juridica","status":"publish","type":"page","link":"https:\/\/apesanteur-spa.fr\/es\/informacion-juridica","title":{"rendered":"Informaci\u00f3n jur\u00eddica"},"content":{"rendered":"<h1>Informaci\u00f3n jur\u00eddica<\/h1>\n<h2>IDENTIDAD<\/h2>\n<p>Nombre del sitio web : Apesanteur SPA<br \/>\nDirecci\u00f3n: <a href=\"https:\/\/apesanteur-spa.fr\/es\">https:\/\/www.apesanteur-spa.fr.\/<\/a><br \/>\nPropietario: Marc ANTONANZAS<br \/>\nDirector de la publicaci\u00f3n: Marc ANTONANZAS<br \/>\nDise\u00f1o y realizaci\u00f3n: Corinne ESCUDIER 4 impasse des Rosiers 31320 CASTANET TOLOSAN<br \/>\nAlojamiento : IONOS 7 place de la Gare 57200 SARREGUEMINES<\/p>\n<h2>PERSONA JUR\u00cdDICA<\/h2>\n<p>ESPACE COVER<br \/>\n1 Bis rue de Ratacas, 11100 Narbonne<br \/>\nT\u00e9l. 0 826 38 28 23 \u2013 Port : 07 83 43 28 21<br \/>\nE-mail : contact@espacecover.com<br \/>\nS.A.R.L. au capital de 10.000 \u20ac \u2013 N\u00b0 identification 478 051 832 RCS NARBONNE \u2013 N\u00b0 de gestion 2016B00139<br \/>\nN\u00b0 TVA intracommunautaire FR 69 819 027 376 00014<br \/>\nSIREN 819 027 376 \u2013 SIRET 819 027 376 00014 \u2013 Code APE 4329B<\/p>\n<h2>CONDICIONES DE USO<\/h2>\n<p>El uso de este sitio implica la plena aceptaci\u00f3n de las condiciones generales de uso que se describen a continuaci\u00f3n. Las presentes condiciones de uso podr\u00e1n modificarse o completarse en cualquier momento.<\/p>\n<h2>INFORMACI\u00d3N<\/h2>\n<p>La informaci\u00f3n y los documentos que figuran en el sitio se presentan \u00fanicamente a t\u00edtulo informativo, sin ning\u00fan car\u00e1cter exhaustivo, y no pueden comprometer la responsabilidad del propietario del sitio. El propietario del sitio no se hace responsable de los da\u00f1os directos o indirectos derivados del acceso al sitio.<\/p>\n<h2>INTERACTIVIDAD<\/h2>\n<p>Los usuarios del sitio pueden publicar contenidos, que aparecen en el sitio en espacios dedicados (sobre todo a trav\u00e9s de comentarios). El contenido presentado queda bajo la responsabilidad de los autores, que asumen toda la responsabilidad legal al respecto. No obstante, el propietario del sitio se reserva el derecho de retirar sin previo aviso y sin justificaci\u00f3n cualquier contenido enviado por los usuarios que no cumpla con la carta \u00e9tica del sitio o con la legislaci\u00f3n vigente.<\/p>\n<h2>PROPIEDAD INTELECTUAL<\/h2>\n<p>Salvo que se indique lo contrario, todos los elementos accesibles en el sitio (textos, im\u00e1genes, gr\u00e1ficos, logotipos, iconos, sonidos, software, etc.) son propiedad exclusiva de sus autores, por lo que respecta a los derechos de propiedad intelectual o de uso. 1 Queda prohibida toda reproducci\u00f3n, representaci\u00f3n, modificaci\u00f3n, publicaci\u00f3n, adaptaci\u00f3n de la totalidad o parte de los elementos del sitio, cualesquiera que sean los medios o procedimientos utilizados, salvo autorizaci\u00f3n previa por escrito del autor.23 Cualquier uso no autorizado del sitio o de cualquiera de los elementos que contiene se considerar\u00e1 constitutivo de infracci\u00f3n y podr\u00e1 ser perseguido. 4 Las marcas y logotipos reproducidos en el sitio est\u00e1n registrados por las empresas propietarias de los mismos.<\/p>\n<h2>ENLACES<\/h2>\n<h4>Enlaces salientes<\/h4>\n<p>El propietario del sitio declina toda responsabilidad y no se compromete por la referencia, mediante enlaces de hipertexto, a recursos de terceros presentes en la red Internet, tanto en lo que se refiere a su contenido como a su pertinencia.<\/p>\n<h4>Enlaces entrantes<\/h4>\n<p>El propietario del sitio autoriza los hiperv\u00ednculos a una de las p\u00e1ginas de este sitio, siempre que \u00e9stos abran una nueva ventana y se presenten de forma inequ\u00edvoca para evitar :<\/p>\n<p>cualquier riesgo de confusi\u00f3n entre el sitio que cita y el propietario del sitio<br \/>\nas\u00ed como cualquier presentaci\u00f3n tendenciosa o contraria a la legislaci\u00f3n vigente.<br \/>\nEl propietario del sitio se reserva el derecho a solicitar la supresi\u00f3n de un enlace si considera que el sitio de origen no respeta las normas as\u00ed definidas.<\/p>\n<h2>CONFIDENCIALIDAD<\/h2>\n<p>Cualquier usuario tiene derecho a acceder, rectificar y oponerse a los datos personales que le conciernan, presentando una solicitud escrita y firmada, acompa\u00f1ada de una prueba de identidad.<\/p>\n<h2>CR\u00c9DITOS<\/h2>\n<p>Aviso legal proporcionado por WebExpress &#8211; Versi\u00f3n 1.7 &#8211; Uso libre bajo licencia Creative Commons CC BY-NC-ND 3.0 ES \/ creativecommons.org.<\/p>\n<ol>\n<li>Art\u00edculos L111-1 y siguientes del C\u00f3digo de la Propiedad Intelectual de 1 de julio de 1992<\/li>\n<li>Art\u00edculo 41 de la ley de 11 de marzo de 1957<\/li>\n<li>Art\u00edculo L. 226-13 del C\u00f3digo Penal y Directiva europea de 24 de octubre de 1995.<\/li>\n<li>Art\u00edculos L.335-2 y siguientes del C\u00f3digo de la Propiedad Intelectual.<\/li>\n<li>Ley n\u00ba 78-87 de 6 de enero de 1978, modificada por la Ley n\u00ba 2004-801 de 6 de agosto de 2004, relativa a la inform\u00e1tica, los archivos y las libertades.<\/li>\n<li>Art\u00edculos 38 y siguientes de la Ley 78-17 de 6 de enero de 1978 relativa a la inform\u00e1tica, los archivos y las libertades<\/li>\n<li>Ley de 1 de julio de 1998 por la que se transpone la Directiva 96\/9 de 11 de marzo de 1996 sobre la protecci\u00f3n jur\u00eddica de las bases de datos<\/li>\n<li>Ley n\u00b0 2004-801 de 6 de agosto de 2004<\/li>\n<li>Art\u00edculo 6 de la Ley n\u00ba 2004-575 de 21 de junio de 2004 sobre la confianza en la econom\u00eda digital<\/li>\n<\/ol>\n","protected":false},"excerpt":{"rendered":"<p>Informaci\u00f3n jur\u00eddica IDENTIDAD Nombre del sitio web : Apesanteur SPA Direcci\u00f3n: https:\/\/www.apesanteur-spa.fr.\/ Propietario: Marc ANTONANZAS Director de la publicaci\u00f3n: Marc ANTONANZAS Dise\u00f1o y realizaci\u00f3n: Corinne ESCUDIER 4 impasse des Rosiers 31320 CASTANET TOLOSAN Alojamiento : IONOS 7 place de la Gare 57200 SARREGUEMINES PERSONA JUR\u00cdDICA ESPACE COVER 1 Bis rue de Ratacas, 11100 Narbonne T\u00e9l. [&hellip;]<\/p>\n","protected":false},"author":3,"featured_media":0,"parent":0,"menu_order":0,"comment_status":"closed","ping_status":"closed","template":"","meta":{"footnotes":""},"class_list":["post-1671","page","type-page","status-publish","hentry"],"yoast_head":"<!-- This site is optimized with the Yoast SEO plugin v27.5 - https:\/\/yoast.com\/product\/yoast-seo-wordpress\/ -->\n<title>Apesanteur SPA &#8226; Informaci\u00f3n jur\u00eddica<\/title>\n<meta name=\"robots\" content=\"index, follow, max-snippet:-1, max-image-preview:large, max-video-preview:-1\" \/>\n<link rel=\"canonical\" href=\"https:\/\/apesanteur-spa.fr\/es\/informacion-juridica\" \/>\n<meta property=\"og:locale\" content=\"es_ES\" \/>\n<meta property=\"og:type\" content=\"article\" \/>\n<meta property=\"og:title\" content=\"Apesanteur SPA &#8226; Informaci\u00f3n jur\u00eddica\" \/>\n<meta property=\"og:description\" content=\"Informaci\u00f3n jur\u00eddica IDENTIDAD Nombre del sitio web : Apesanteur SPA Direcci\u00f3n: https:\/\/www.apesanteur-spa.fr.\/ Propietario: Marc ANTONANZAS Director de la publicaci\u00f3n: Marc ANTONANZAS Dise\u00f1o y realizaci\u00f3n: Corinne ESCUDIER 4 impasse des Rosiers 31320 CASTANET TOLOSAN Alojamiento : IONOS 7 place de la Gare 57200 SARREGUEMINES PERSONA JUR\u00cdDICA ESPACE COVER 1 Bis rue de Ratacas, 11100 Narbonne T\u00e9l. [&hellip;]\" \/>\n<meta property=\"og:url\" content=\"https:\/\/apesanteur-spa.fr\/es\/informacion-juridica\" \/>\n<meta property=\"og:site_name\" content=\"Apesanteur SPA\" \/>\n<meta property=\"article:modified_time\" content=\"2024-08-15T07:41:02+00:00\" \/>\n<meta property=\"og:image\" content=\"https:\/\/apesanteur-spa.fr\/wp-content\/uploads\/2023\/08\/TRANSPARENT_ApesanteurSpa_final_logo-02.png\" \/>\n\t<meta property=\"og:image:width\" content=\"2506\" \/>\n\t<meta property=\"og:image:height\" content=\"1112\" \/>\n\t<meta property=\"og:image:type\" content=\"image\/png\" \/>\n<meta name=\"twitter:card\" content=\"summary_large_image\" \/>\n<meta name=\"twitter:label1\" content=\"Tiempo de lectura\" \/>\n\t<meta name=\"twitter:data1\" content=\"4 minutos\" \/>\n<script type=\"application\/ld+json\" class=\"yoast-schema-graph\">{\"@context\":\"https:\\\/\\\/schema.org\",\"@graph\":[{\"@type\":\"WebPage\",\"@id\":\"https:\\\/\\\/apesanteur-spa.fr\\\/es\\\/informacion-juridica\",\"url\":\"https:\\\/\\\/apesanteur-spa.fr\\\/es\\\/informacion-juridica\",\"name\":\"Apesanteur SPA &#8226; Informaci\u00f3n jur\u00eddica\",\"isPartOf\":{\"@id\":\"https:\\\/\\\/apesanteur-spa.fr\\\/es#website\"},\"datePublished\":\"2022-10-06T09:58:36+00:00\",\"dateModified\":\"2024-08-15T07:41:02+00:00\",\"breadcrumb\":{\"@id\":\"https:\\\/\\\/apesanteur-spa.fr\\\/es\\\/informacion-juridica#breadcrumb\"},\"inLanguage\":\"es\",\"potentialAction\":[{\"@type\":\"ReadAction\",\"target\":[\"https:\\\/\\\/apesanteur-spa.fr\\\/es\\\/informacion-juridica\"]}]},{\"@type\":\"BreadcrumbList\",\"@id\":\"https:\\\/\\\/apesanteur-spa.fr\\\/es\\\/informacion-juridica#breadcrumb\",\"itemListElement\":[{\"@type\":\"ListItem\",\"position\":1,\"name\":\"Accueil\",\"item\":\"https:\\\/\\\/apesanteur-spa.fr\\\/es\\\/un-autentico-tratamiento-spa-en-casa\"},{\"@type\":\"ListItem\",\"position\":2,\"name\":\"Informaci\u00f3n jur\u00eddica\"}]},{\"@type\":\"WebSite\",\"@id\":\"https:\\\/\\\/apesanteur-spa.fr\\\/es#website\",\"url\":\"https:\\\/\\\/apesanteur-spa.fr\\\/es\",\"name\":\"Apesanteur SPA\",\"description\":\"Un v\u00e9ritable soin SPA chez vous !\",\"publisher\":{\"@id\":\"https:\\\/\\\/apesanteur-spa.fr\\\/es#organization\"},\"potentialAction\":[{\"@type\":\"SearchAction\",\"target\":{\"@type\":\"EntryPoint\",\"urlTemplate\":\"https:\\\/\\\/apesanteur-spa.fr\\\/es?s={search_term_string}\"},\"query-input\":{\"@type\":\"PropertyValueSpecification\",\"valueRequired\":true,\"valueName\":\"search_term_string\"}}],\"inLanguage\":\"es\"},{\"@type\":\"Organization\",\"@id\":\"https:\\\/\\\/apesanteur-spa.fr\\\/es#organization\",\"name\":\"Apesanteur SPA\",\"url\":\"https:\\\/\\\/apesanteur-spa.fr\\\/es\",\"logo\":{\"@type\":\"ImageObject\",\"inLanguage\":\"es\",\"@id\":\"https:\\\/\\\/apesanteur-spa.fr\\\/es#\\\/schema\\\/logo\\\/image\\\/\",\"url\":\"https:\\\/\\\/apesanteur-spa.fr\\\/wp-content\\\/uploads\\\/2023\\\/08\\\/TRANSPARENT_ApesanteurSpa_final_logo-02.png\",\"contentUrl\":\"https:\\\/\\\/apesanteur-spa.fr\\\/wp-content\\\/uploads\\\/2023\\\/08\\\/TRANSPARENT_ApesanteurSpa_final_logo-02.png\",\"width\":2506,\"height\":1112,\"caption\":\"Apesanteur SPA\"},\"image\":{\"@id\":\"https:\\\/\\\/apesanteur-spa.fr\\\/es#\\\/schema\\\/logo\\\/image\\\/\"}}]}<\/script>\n<!-- \/ Yoast SEO plugin. -->","yoast_head_json":{"title":"Apesanteur SPA &#8226; Informaci\u00f3n jur\u00eddica","robots":{"index":"index","follow":"follow","max-snippet":"max-snippet:-1","max-image-preview":"max-image-preview:large","max-video-preview":"max-video-preview:-1"},"canonical":"https:\/\/apesanteur-spa.fr\/es\/informacion-juridica","og_locale":"es_ES","og_type":"article","og_title":"Apesanteur SPA &#8226; Informaci\u00f3n jur\u00eddica","og_description":"Informaci\u00f3n jur\u00eddica IDENTIDAD Nombre del sitio web : Apesanteur SPA Direcci\u00f3n: https:\/\/www.apesanteur-spa.fr.\/ Propietario: Marc ANTONANZAS Director de la publicaci\u00f3n: Marc ANTONANZAS Dise\u00f1o y realizaci\u00f3n: Corinne ESCUDIER 4 impasse des Rosiers 31320 CASTANET TOLOSAN Alojamiento : IONOS 7 place de la Gare 57200 SARREGUEMINES PERSONA JUR\u00cdDICA ESPACE COVER 1 Bis rue de Ratacas, 11100 Narbonne T\u00e9l. [&hellip;]","og_url":"https:\/\/apesanteur-spa.fr\/es\/informacion-juridica","og_site_name":"Apesanteur SPA","article_modified_time":"2024-08-15T07:41:02+00:00","og_image":[{"width":2506,"height":1112,"url":"https:\/\/apesanteur-spa.fr\/wp-content\/uploads\/2023\/08\/TRANSPARENT_ApesanteurSpa_final_logo-02.png","type":"image\/png"}],"twitter_card":"summary_large_image","twitter_misc":{"Tiempo de lectura":"4 minutos"},"schema":{"@context":"https:\/\/schema.org","@graph":[{"@type":"WebPage","@id":"https:\/\/apesanteur-spa.fr\/es\/informacion-juridica","url":"https:\/\/apesanteur-spa.fr\/es\/informacion-juridica","name":"Apesanteur SPA &#8226; Informaci\u00f3n jur\u00eddica","isPartOf":{"@id":"https:\/\/apesanteur-spa.fr\/es#website"},"datePublished":"2022-10-06T09:58:36+00:00","dateModified":"2024-08-15T07:41:02+00:00","breadcrumb":{"@id":"https:\/\/apesanteur-spa.fr\/es\/informacion-juridica#breadcrumb"},"inLanguage":"es","potentialAction":[{"@type":"ReadAction","target":["https:\/\/apesanteur-spa.fr\/es\/informacion-juridica"]}]},{"@type":"BreadcrumbList","@id":"https:\/\/apesanteur-spa.fr\/es\/informacion-juridica#breadcrumb","itemListElement":[{"@type":"ListItem","position":1,"name":"Accueil","item":"https:\/\/apesanteur-spa.fr\/es\/un-autentico-tratamiento-spa-en-casa"},{"@type":"ListItem","position":2,"name":"Informaci\u00f3n jur\u00eddica"}]},{"@type":"WebSite","@id":"https:\/\/apesanteur-spa.fr\/es#website","url":"https:\/\/apesanteur-spa.fr\/es","name":"Apesanteur SPA","description":"Un v\u00e9ritable soin SPA chez vous !","publisher":{"@id":"https:\/\/apesanteur-spa.fr\/es#organization"},"potentialAction":[{"@type":"SearchAction","target":{"@type":"EntryPoint","urlTemplate":"https:\/\/apesanteur-spa.fr\/es?s={search_term_string}"},"query-input":{"@type":"PropertyValueSpecification","valueRequired":true,"valueName":"search_term_string"}}],"inLanguage":"es"},{"@type":"Organization","@id":"https:\/\/apesanteur-spa.fr\/es#organization","name":"Apesanteur SPA","url":"https:\/\/apesanteur-spa.fr\/es","logo":{"@type":"ImageObject","inLanguage":"es","@id":"https:\/\/apesanteur-spa.fr\/es#\/schema\/logo\/image\/","url":"https:\/\/apesanteur-spa.fr\/wp-content\/uploads\/2023\/08\/TRANSPARENT_ApesanteurSpa_final_logo-02.png","contentUrl":"https:\/\/apesanteur-spa.fr\/wp-content\/uploads\/2023\/08\/TRANSPARENT_ApesanteurSpa_final_logo-02.png","width":2506,"height":1112,"caption":"Apesanteur SPA"},"image":{"@id":"https:\/\/apesanteur-spa.fr\/es#\/schema\/logo\/image\/"}}]}},"_links":{"self":[{"href":"https:\/\/apesanteur-spa.fr\/es\/wp-json\/wp\/v2\/pages\/1671","targetHints":{"allow":["GET"]}}],"collection":[{"href":"https:\/\/apesanteur-spa.fr\/es\/wp-json\/wp\/v2\/pages"}],"about":[{"href":"https:\/\/apesanteur-spa.fr\/es\/wp-json\/wp\/v2\/types\/page"}],"author":[{"embeddable":true,"href":"https:\/\/apesanteur-spa.fr\/es\/wp-json\/wp\/v2\/users\/3"}],"replies":[{"embeddable":true,"href":"https:\/\/apesanteur-spa.fr\/es\/wp-json\/wp\/v2\/comments?post=1671"}],"version-history":[{"count":2,"href":"https:\/\/apesanteur-spa.fr\/es\/wp-json\/wp\/v2\/pages\/1671\/revisions"}],"predecessor-version":[{"id":1794,"href":"https:\/\/apesanteur-spa.fr\/es\/wp-json\/wp\/v2\/pages\/1671\/revisions\/1794"}],"wp:attachment":[{"href":"https:\/\/apesanteur-spa.fr\/es\/wp-json\/wp\/v2\/media?parent=1671"}],"curies":[{"name":"wp","href":"https:\/\/api.w.org\/{rel}","templated":true}]}}