{"id":1688,"date":"2021-04-16T11:30:06","date_gmt":"2021-04-16T11:30:06","guid":{"rendered":"https:\/\/apesanteur-spa.fr\/politica-de-privacidad"},"modified":"2024-08-15T07:40:18","modified_gmt":"2024-08-15T07:40:18","slug":"politica-de-privacidad","status":"publish","type":"page","link":"https:\/\/apesanteur-spa.fr\/es\/politica-de-privacidad","title":{"rendered":"Pol\u00edtica de privacidad"},"content":{"rendered":"<h1>Pol\u00edtica de privacidad<\/h1>\n<p>Esta pol\u00edtica de privacidad describe las pol\u00edticas de<\/p>\n<p>ESPACES SPAS,<br \/>\n1 Bis rue de Ratacas, 11100 Narbonne, France<br \/>\nemail: contact@espacespas.com<br \/>\nTel\u00e9fono: +339 51 63 22 98<\/p>\n<p>sobre la recogida, uso y divulgaci\u00f3n de la informaci\u00f3n que recopilamos cuando usted utiliza nuestro sitio web. Al acceder o utilizar el Servicio, usted da su consentimiento a la recogida, uso y divulgaci\u00f3n de su informaci\u00f3n de acuerdo con esta Pol\u00edtica de Privacidad. Si no est\u00e1 de acuerdo, le rogamos que no acceda al Servicio ni lo utilice.<br \/>\nPodemos cambiar esta Pol\u00edtica de Privacidad en cualquier momento sin previo aviso y publicaremos la Pol\u00edtica de Privacidad revisada en el Servicio. La pol\u00edtica revisada entrar\u00e1 en vigor 180 d\u00edas despu\u00e9s de la publicaci\u00f3n de la pol\u00edtica revisada en el servicio y su acceso o uso continuado del servicio despu\u00e9s de ese per\u00edodo constituir\u00e1 su aceptaci\u00f3n de la pol\u00edtica de privacidad revisada. Por ello, le recomendamos que consulte esta p\u00e1gina peri\u00f3dicamente.<\/p>\n<h2>Informaci\u00f3n que recopilamos :<\/h2>\n<p>Recopilaremos y procesaremos la siguiente informaci\u00f3n personal sobre usted:<\/p>\n<p>Apellido &#8211; Nombre<br \/>\nCorreo electr\u00f3nico<br \/>\nTel\u00e9fono<\/p>\n<h2>Conservaci\u00f3n de sus datos :<\/h2>\n<p>Conservaremos su informaci\u00f3n personal entre 90 d\u00edas y 2 a\u00f1os despu\u00e9s de que los usuarios den de baja sus cuentas o mientras la necesitemos para cumplir los fines para los que fue recopilada, tal y como se describe en esta Pol\u00edtica de privacidad. Es posible que necesitemos conservar determinada informaci\u00f3n durante per\u00edodos m\u00e1s largos, como la conservaci\u00f3n de registros\/informes de conformidad con la legislaci\u00f3n aplicable o por otros motivos leg\u00edtimos, como el ejercicio de derechos legales, la prevenci\u00f3n del fraude, etc. La informaci\u00f3n an\u00f3nima residual y la informaci\u00f3n agregada, que no le identifica (directa o indirectamente), puede almacenarse indefinidamente.<\/p>\n<h2>Sus derechos:<\/h2>\n<p>Dependiendo de la legislaci\u00f3n aplicable, usted puede tener derecho a acceder y rectificar o suprimir sus datos personales o recibir una copia de sus datos personales, restringir u oponerse al tratamiento activo de sus datos, solicitarnos que compartamos (traslademos) la informaci\u00f3n de sus datos personales a otra entidad, retirar cualquier consentimiento que nos haya proporcionado para tratar sus datos, derecho a presentar una reclamaci\u00f3n ante una autoridad legal y cualquier otro derecho que pueda ser pertinente en virtud de la legislaci\u00f3n aplicable. Traducci\u00f3n realizada con la versi\u00f3n gratuita del traductor www.DeepL.com\/Translator Para ejercer estos derechos, puede escribirnos a contact@espacespas.com. Responderemos a su solicitud de conformidad con la legislaci\u00f3n aplicable.<br \/>\nTenga en cuenta que si no nos autoriza a recoger o procesar la informaci\u00f3n personal requerida o si retira su consentimiento para procesarla con los fines requeridos, es posible que no pueda acceder o utilizar los servicios para los que se solicit\u00f3 su informaci\u00f3n.<\/p>\n<h2>Pol\u00edtica de cookies<\/h2>\n<h3>\u00bfQu\u00e9 son las cookies?<\/h3>\n<p>Esta pol\u00edtica de cookies explica qu\u00e9 son las cookies y c\u00f3mo las utilizamos, los tipos de cookies que utilizamos, es decir, la informaci\u00f3n que recopilamos utilizando cookies y c\u00f3mo se utiliza esa informaci\u00f3n, y c\u00f3mo gestionar la configuraci\u00f3n de las cookies. Las cookies son peque\u00f1os archivos de texto que se utilizan para almacenar peque\u00f1as piezas de informaci\u00f3n. Se almacenan en su dispositivo cuando el sitio web se carga en su navegador. Estas cookies nos ayudan a que el sitio web funcione correctamente, a que sea m\u00e1s seguro, a ofrecer una mejor experiencia al usuario y a comprender c\u00f3mo funciona el sitio web y analizar qu\u00e9 funciona y qu\u00e9 aspectos deben mejorarse.<\/p>\n<h3>\u00bfC\u00f3mo utilizamos las cookies?<\/h3>\n<p>Como la mayor\u00eda de los servicios en l\u00ednea, nuestro sitio web utiliza cookies propias y de terceros con varios fines. Las cookies propias son principalmente necesarias para el correcto funcionamiento del sitio web y no recopilan ninguna informaci\u00f3n que pueda identificarle personalmente. Las cookies de terceros utilizadas en nuestro sitio web se emplean principalmente para comprender el rendimiento del sitio web, c\u00f3mo interact\u00faa usted con nuestro sitio web, asegurar nuestros servicios, ofrecerle anuncios relevantes y, en general, proporcionarle una experiencia de usuario mejor y m\u00e1s satisfactoria y ayudar a agilizar sus futuras interacciones con nuestro sitio web.<\/p>\n<h3>Tipos de cookies que utilizamos<\/h3>\n<p>Puede cambiar sus preferencias de cookies en cualquier momento. Esto le permitir\u00e1 revisar el banner de consentimiento de cookies y cambiar sus preferencias o retirar su consentimiento inmediatamente. Adem\u00e1s, los distintos navegadores ofrecen diferentes m\u00e9todos para bloquear y eliminar las cookies utilizadas por los sitios web. Puede cambiar la configuraci\u00f3n de su navegador para bloquear\/eliminar las cookies. A continuaci\u00f3n encontrar\u00e1 enlaces a documentos de ayuda sobre la gesti\u00f3n y eliminaci\u00f3n de cookies para los principales navegadores web<\/p>\n<p>Google: <a href=\"https:\/\/support.google.com\/accounts\/answer\/32050\" target=\"_blank\" rel=\"noopener noreferrer\">https:\/\/support.google.com\/accounts\/answer\/32050<\/a><\/p>\n<p>Safari:<a href=\"https:\/\/support.apple.com\/en-in\/guide\/safari\/sfri11471\/mac\" target=\"_blank\" rel=\"noopener noreferrer\">https:\/\/support.apple.com\/en-in\/guide\/safari\/sfri11471\/mac<\/a><\/p>\n<p>Firefox: <a href=\"https:\/\/support.mozilla.org\/en-US\/kb\/clear-cookies-and-site-data-firefox?redirectslug=delete-cookies-remove-info-websites-stored&amp;redirectlocale=en-US\" target=\"_blank\" rel=\"noopener noreferrer\">https:\/\/support.mozilla.org\/en-US\/kb\/clear-cookies-and-site-data-firefox?redirectslug=delete-cookies-remove-info-websites-stored&amp;redirectlocale=en-US<\/a><\/p>\n<p>Internet Explorer: <a href=\"https:\/\/support.microsoft.com\/en-us\/topic\/how-to-delete-cookie-files-in-internet-explorer-bca9446f-d873-78de-77ba-d42645fa52fc\" target=\"_blank\" rel=\"noopener noreferrer\">https:\/\/support.microsoft.com\/en-us\/topic\/how-to-delete-cookie-files-in-internet-explorer-bca9446f-d873-78de-77ba-d42645fa52fc<\/a><\/p>\n<p>Si utiliza otro navegador, consulte la documentaci\u00f3n oficial de su navegador.<\/p>\n<h2>Seguridad:<\/h2>\n<p>La seguridad de su informaci\u00f3n es importante para nosotros y utilizaremos medidas de seguridad razonables para evitar la p\u00e9rdida, el uso indebido o la modificaci\u00f3n no autorizada de su informaci\u00f3n bajo nuestro control. Sin embargo, debido a los riesgos inherentes, no podemos garantizar una seguridad absoluta y, por lo tanto, no podemos asegurar ni garantizar la seguridad de ninguna informaci\u00f3n que nos transmita y usted lo hace bajo su propia responsabilidad.<\/p>\n<p>Responsable de quejas y protecci\u00f3n de datos :<\/p>\n<p>Si tiene alguna pregunta o duda sobre el tratamiento de la informaci\u00f3n de que dispone con nosotros, puede enviar un correo electr\u00f3nico a nuestro responsable de quejas a<\/p>\n<p>ESPACES SPAS, 55 Rue Joseph Cugnot Z.I Croix-Sud, email: contact@espacespas.com.<\/p>\n<p>Trataremos sus preocupaciones de conformidad con la legislaci\u00f3n aplicable.<\/p>\n<p>Pol\u00edtica de privacidad generada con <a href=\"https:\/\/www.cookieyes.com\/?utm_source=CP&amp;utm_medium=footer&amp;utm_campaign=UW\" target=\"_blank\" rel=\"noopener\">CookieYes<\/a><\/p>\n","protected":false},"excerpt":{"rendered":"<p>Pol\u00edtica de privacidad Esta pol\u00edtica de privacidad describe las pol\u00edticas de ESPACES SPAS, 1 Bis rue de Ratacas, 11100 Narbonne, France email: contact@espacespas.com Tel\u00e9fono: +339 51 63 22 98 sobre la recogida, uso y divulgaci\u00f3n de la informaci\u00f3n que recopilamos cuando usted utiliza nuestro sitio web. Al acceder o utilizar el Servicio, usted da su [&hellip;]<\/p>\n","protected":false},"author":3,"featured_media":0,"parent":0,"menu_order":0,"comment_status":"closed","ping_status":"open","template":"","meta":{"footnotes":""},"class_list":["post-1688","page","type-page","status-publish","hentry"],"yoast_head":"<!-- This site is optimized with the Yoast SEO plugin v27.3 - https:\/\/yoast.com\/product\/yoast-seo-wordpress\/ -->\n<title>Apesanteur SPA &#8226; Pol\u00edtica de privacidad<\/title>\n<meta name=\"robots\" content=\"index, follow, max-snippet:-1, max-image-preview:large, max-video-preview:-1\" \/>\n<link rel=\"canonical\" href=\"https:\/\/apesanteur-spa.fr\/es\/politica-de-privacidad\" \/>\n<meta property=\"og:locale\" content=\"es_ES\" \/>\n<meta property=\"og:type\" content=\"article\" \/>\n<meta property=\"og:title\" content=\"Apesanteur SPA &#8226; Pol\u00edtica de privacidad\" \/>\n<meta property=\"og:description\" content=\"Pol\u00edtica de privacidad Esta pol\u00edtica de privacidad describe las pol\u00edticas de ESPACES SPAS, 1 Bis rue de Ratacas, 11100 Narbonne, France email: contact@espacespas.com Tel\u00e9fono: +339 51 63 22 98 sobre la recogida, uso y divulgaci\u00f3n de la informaci\u00f3n que recopilamos cuando usted utiliza nuestro sitio web. Al acceder o utilizar el Servicio, usted da su [&hellip;]\" \/>\n<meta property=\"og:url\" content=\"https:\/\/apesanteur-spa.fr\/es\/politica-de-privacidad\" \/>\n<meta property=\"og:site_name\" content=\"Apesanteur SPA\" \/>\n<meta property=\"article:modified_time\" content=\"2024-08-15T07:40:18+00:00\" \/>\n<meta property=\"og:image\" content=\"https:\/\/apesanteur-spa.fr\/wp-content\/uploads\/2023\/08\/TRANSPARENT_ApesanteurSpa_final_logo-02.png\" \/>\n\t<meta property=\"og:image:width\" content=\"2506\" \/>\n\t<meta property=\"og:image:height\" content=\"1112\" \/>\n\t<meta property=\"og:image:type\" content=\"image\/png\" \/>\n<meta name=\"twitter:card\" content=\"summary_large_image\" \/>\n<meta name=\"twitter:label1\" content=\"Tiempo de lectura\" \/>\n\t<meta name=\"twitter:data1\" content=\"5 minutos\" \/>\n<script type=\"application\/ld+json\" class=\"yoast-schema-graph\">{\"@context\":\"https:\\\/\\\/schema.org\",\"@graph\":[{\"@type\":\"WebPage\",\"@id\":\"https:\\\/\\\/apesanteur-spa.fr\\\/es\\\/politica-de-privacidad\",\"url\":\"https:\\\/\\\/apesanteur-spa.fr\\\/es\\\/politica-de-privacidad\",\"name\":\"Apesanteur SPA &#8226; Pol\u00edtica de privacidad\",\"isPartOf\":{\"@id\":\"https:\\\/\\\/apesanteur-spa.fr\\\/es#website\"},\"datePublished\":\"2021-04-16T11:30:06+00:00\",\"dateModified\":\"2024-08-15T07:40:18+00:00\",\"breadcrumb\":{\"@id\":\"https:\\\/\\\/apesanteur-spa.fr\\\/es\\\/politica-de-privacidad#breadcrumb\"},\"inLanguage\":\"es\",\"potentialAction\":[{\"@type\":\"ReadAction\",\"target\":[\"https:\\\/\\\/apesanteur-spa.fr\\\/es\\\/politica-de-privacidad\"]}]},{\"@type\":\"BreadcrumbList\",\"@id\":\"https:\\\/\\\/apesanteur-spa.fr\\\/es\\\/politica-de-privacidad#breadcrumb\",\"itemListElement\":[{\"@type\":\"ListItem\",\"position\":1,\"name\":\"Accueil\",\"item\":\"https:\\\/\\\/apesanteur-spa.fr\\\/es\\\/un-autentico-tratamiento-spa-en-casa\"},{\"@type\":\"ListItem\",\"position\":2,\"name\":\"Pol\u00edtica de privacidad\"}]},{\"@type\":\"WebSite\",\"@id\":\"https:\\\/\\\/apesanteur-spa.fr\\\/es#website\",\"url\":\"https:\\\/\\\/apesanteur-spa.fr\\\/es\",\"name\":\"Apesanteur SPA\",\"description\":\"Un v\u00e9ritable soin SPA chez vous !\",\"publisher\":{\"@id\":\"https:\\\/\\\/apesanteur-spa.fr\\\/es#organization\"},\"potentialAction\":[{\"@type\":\"SearchAction\",\"target\":{\"@type\":\"EntryPoint\",\"urlTemplate\":\"https:\\\/\\\/apesanteur-spa.fr\\\/es?s={search_term_string}\"},\"query-input\":{\"@type\":\"PropertyValueSpecification\",\"valueRequired\":true,\"valueName\":\"search_term_string\"}}],\"inLanguage\":\"es\"},{\"@type\":\"Organization\",\"@id\":\"https:\\\/\\\/apesanteur-spa.fr\\\/es#organization\",\"name\":\"Apesanteur SPA\",\"url\":\"https:\\\/\\\/apesanteur-spa.fr\\\/es\",\"logo\":{\"@type\":\"ImageObject\",\"inLanguage\":\"es\",\"@id\":\"https:\\\/\\\/apesanteur-spa.fr\\\/es#\\\/schema\\\/logo\\\/image\\\/\",\"url\":\"https:\\\/\\\/apesanteur-spa.fr\\\/wp-content\\\/uploads\\\/2023\\\/08\\\/TRANSPARENT_ApesanteurSpa_final_logo-02.png\",\"contentUrl\":\"https:\\\/\\\/apesanteur-spa.fr\\\/wp-content\\\/uploads\\\/2023\\\/08\\\/TRANSPARENT_ApesanteurSpa_final_logo-02.png\",\"width\":2506,\"height\":1112,\"caption\":\"Apesanteur SPA\"},\"image\":{\"@id\":\"https:\\\/\\\/apesanteur-spa.fr\\\/es#\\\/schema\\\/logo\\\/image\\\/\"}}]}<\/script>\n<!-- \/ Yoast SEO plugin. -->","yoast_head_json":{"title":"Apesanteur SPA &#8226; Pol\u00edtica de privacidad","robots":{"index":"index","follow":"follow","max-snippet":"max-snippet:-1","max-image-preview":"max-image-preview:large","max-video-preview":"max-video-preview:-1"},"canonical":"https:\/\/apesanteur-spa.fr\/es\/politica-de-privacidad","og_locale":"es_ES","og_type":"article","og_title":"Apesanteur SPA &#8226; Pol\u00edtica de privacidad","og_description":"Pol\u00edtica de privacidad Esta pol\u00edtica de privacidad describe las pol\u00edticas de ESPACES SPAS, 1 Bis rue de Ratacas, 11100 Narbonne, France email: contact@espacespas.com Tel\u00e9fono: +339 51 63 22 98 sobre la recogida, uso y divulgaci\u00f3n de la informaci\u00f3n que recopilamos cuando usted utiliza nuestro sitio web. Al acceder o utilizar el Servicio, usted da su [&hellip;]","og_url":"https:\/\/apesanteur-spa.fr\/es\/politica-de-privacidad","og_site_name":"Apesanteur SPA","article_modified_time":"2024-08-15T07:40:18+00:00","og_image":[{"width":2506,"height":1112,"url":"https:\/\/apesanteur-spa.fr\/wp-content\/uploads\/2023\/08\/TRANSPARENT_ApesanteurSpa_final_logo-02.png","type":"image\/png"}],"twitter_card":"summary_large_image","twitter_misc":{"Tiempo de lectura":"5 minutos"},"schema":{"@context":"https:\/\/schema.org","@graph":[{"@type":"WebPage","@id":"https:\/\/apesanteur-spa.fr\/es\/politica-de-privacidad","url":"https:\/\/apesanteur-spa.fr\/es\/politica-de-privacidad","name":"Apesanteur SPA &#8226; Pol\u00edtica de privacidad","isPartOf":{"@id":"https:\/\/apesanteur-spa.fr\/es#website"},"datePublished":"2021-04-16T11:30:06+00:00","dateModified":"2024-08-15T07:40:18+00:00","breadcrumb":{"@id":"https:\/\/apesanteur-spa.fr\/es\/politica-de-privacidad#breadcrumb"},"inLanguage":"es","potentialAction":[{"@type":"ReadAction","target":["https:\/\/apesanteur-spa.fr\/es\/politica-de-privacidad"]}]},{"@type":"BreadcrumbList","@id":"https:\/\/apesanteur-spa.fr\/es\/politica-de-privacidad#breadcrumb","itemListElement":[{"@type":"ListItem","position":1,"name":"Accueil","item":"https:\/\/apesanteur-spa.fr\/es\/un-autentico-tratamiento-spa-en-casa"},{"@type":"ListItem","position":2,"name":"Pol\u00edtica de privacidad"}]},{"@type":"WebSite","@id":"https:\/\/apesanteur-spa.fr\/es#website","url":"https:\/\/apesanteur-spa.fr\/es","name":"Apesanteur SPA","description":"Un v\u00e9ritable soin SPA chez vous !","publisher":{"@id":"https:\/\/apesanteur-spa.fr\/es#organization"},"potentialAction":[{"@type":"SearchAction","target":{"@type":"EntryPoint","urlTemplate":"https:\/\/apesanteur-spa.fr\/es?s={search_term_string}"},"query-input":{"@type":"PropertyValueSpecification","valueRequired":true,"valueName":"search_term_string"}}],"inLanguage":"es"},{"@type":"Organization","@id":"https:\/\/apesanteur-spa.fr\/es#organization","name":"Apesanteur SPA","url":"https:\/\/apesanteur-spa.fr\/es","logo":{"@type":"ImageObject","inLanguage":"es","@id":"https:\/\/apesanteur-spa.fr\/es#\/schema\/logo\/image\/","url":"https:\/\/apesanteur-spa.fr\/wp-content\/uploads\/2023\/08\/TRANSPARENT_ApesanteurSpa_final_logo-02.png","contentUrl":"https:\/\/apesanteur-spa.fr\/wp-content\/uploads\/2023\/08\/TRANSPARENT_ApesanteurSpa_final_logo-02.png","width":2506,"height":1112,"caption":"Apesanteur SPA"},"image":{"@id":"https:\/\/apesanteur-spa.fr\/es#\/schema\/logo\/image\/"}}]}},"_links":{"self":[{"href":"https:\/\/apesanteur-spa.fr\/es\/wp-json\/wp\/v2\/pages\/1688","targetHints":{"allow":["GET"]}}],"collection":[{"href":"https:\/\/apesanteur-spa.fr\/es\/wp-json\/wp\/v2\/pages"}],"about":[{"href":"https:\/\/apesanteur-spa.fr\/es\/wp-json\/wp\/v2\/types\/page"}],"author":[{"embeddable":true,"href":"https:\/\/apesanteur-spa.fr\/es\/wp-json\/wp\/v2\/users\/3"}],"replies":[{"embeddable":true,"href":"https:\/\/apesanteur-spa.fr\/es\/wp-json\/wp\/v2\/comments?post=1688"}],"version-history":[{"count":3,"href":"https:\/\/apesanteur-spa.fr\/es\/wp-json\/wp\/v2\/pages\/1688\/revisions"}],"predecessor-version":[{"id":1792,"href":"https:\/\/apesanteur-spa.fr\/es\/wp-json\/wp\/v2\/pages\/1688\/revisions\/1792"}],"wp:attachment":[{"href":"https:\/\/apesanteur-spa.fr\/es\/wp-json\/wp\/v2\/media?parent=1688"}],"curies":[{"name":"wp","href":"https:\/\/api.w.org\/{rel}","templated":true}]}}